{"id":1297,"date":"2025-05-13T18:26:23","date_gmt":"2025-05-13T18:26:23","guid":{"rendered":"https:\/\/shebidesserts.com\/?page_id=1297"},"modified":"2025-11-20T19:54:15","modified_gmt":"2025-11-20T19:54:15","slug":"impresszum_de","status":"publish","type":"page","link":"https:\/\/shebidesserts.com\/?page_id=1297&lang=de","title":{"rendered":"impresszum_de"},"content":{"rendered":"\t\t<div data-elementor-type=\"wp-page\" data-elementor-id=\"1297\" class=\"elementor elementor-1297\">\n\t\t\t\t<div class=\"elementor-element elementor-element-1a6dba3 e-flex e-con-boxed e-con e-parent\" data-id=\"1a6dba3\" data-element_type=\"container\" data-e-type=\"container\" data-settings=\"{&quot;background_background&quot;:&quot;classic&quot;,&quot;jet_parallax_layout_list&quot;:[]}\">\n\t\t\t\t\t<div class=\"e-con-inner\">\n\t\t\t\t<div class=\"elementor-element elementor-element-d16fe02 elementor-widget elementor-widget-heading\" data-id=\"d16fe02\" data-element_type=\"widget\" data-e-type=\"widget\" data-widget_type=\"heading.default\">\n\t\t\t\t<div class=\"elementor-widget-container\">\n\t\t\t\t\t<h2 class=\"elementor-heading-title elementor-size-default\">Impressum<\/h2>\t\t\t\t<\/div>\n\t\t\t\t<\/div>\n\t\t\t\t\t<\/div>\n\t\t\t\t<\/div>\n\t\t<div class=\"elementor-element elementor-element-90c0090 e-flex e-con-boxed e-con e-parent\" data-id=\"90c0090\" data-element_type=\"container\" data-e-type=\"container\" data-settings=\"{&quot;background_background&quot;:&quot;classic&quot;,&quot;jet_parallax_layout_list&quot;:[]}\">\n\t\t\t\t\t<div class=\"e-con-inner\">\n\t\t\t\t<div class=\"elementor-element elementor-element-fd64727 elementor-widget elementor-widget-text-editor\" data-id=\"fd64727\" data-element_type=\"widget\" data-e-type=\"widget\" data-widget_type=\"text-editor.default\">\n\t\t\t\t<div class=\"elementor-widget-container\">\n\t\t\t\t\t\t\t\t\t<p class=\"\" data-start=\"58\" data-end=\"80\"><strong data-start=\"58\" data-end=\"80\">Website-Betreiber:<\/strong><\/p><p class=\"\" data-start=\"82\" data-end=\"316\">Name: Zolt\u00e1n Sebesty\u00e9n, Einzelunternehmer<br data-start=\"123\" data-end=\"126\" \/>Steuernummer: HU91528869<br data-start=\"139\" data-end=\"142\" \/>Registrierungsnummer: 61343755<br data-start=\"163\" data-end=\"166\" \/>Firmensitz: <span class=\"HwtZe\" lang=\"de\"><span class=\"jCAhz ChMk0b\"><span class=\"ryNqvb\">Ungarn, 1138 Budapest N\u00e9pf\u00fcrd\u0151 utca 19\/F 3. Stock 11A<\/span><\/span><\/span><br data-start=\"177\" data-end=\"180\" \/>Kontakt:<br data-start=\"188\" data-end=\"191\" \/>E-Mail: <a class=\"cursor-pointer\" rel=\"noopener\" data-start=\"199\" data-end=\"223\">zoltan@shebidesserts.com<\/a><br data-start=\"223\" data-end=\"226\" \/>Telefon: +36 30 709 3902<br data-start=\"250\" data-end=\"253\" \/>Website: <a class=\"\" href=\"https:\/\/shebidesserts.com\" target=\"_new\" rel=\"noopener\" data-start=\"262\" data-end=\"316\">https:\/\/shebidesserts.com<\/a><\/p><p class=\"\" data-start=\"318\" data-end=\"347\"><strong data-start=\"318\" data-end=\"347\">Webhosting-Dienstleister:<\/strong><\/p><p class=\"\" data-start=\"349\" data-end=\"625\">Name: LV Service GmbH<br data-start=\"370\" data-end=\"373\" \/>Steuernummer: 14920750-2-13<br data-start=\"400\" data-end=\"403\" \/>Registrierungsnummer: 13 09 207793<br data-start=\"437\" data-end=\"440\" \/>Firmensitz: 2030 \u00c9rd, Feh\u00e9rv\u00e1ri \u00fat 32\/B, Geb\u00e4ude 1<br data-start=\"490\" data-end=\"493\" \/>Kontakt:<br data-start=\"501\" data-end=\"504\" \/>E-Mail: <a class=\"cursor-pointer\" rel=\"noopener\" data-start=\"512\" data-end=\"533\">support@lvservices.hu<\/a><br data-start=\"533\" data-end=\"536\" \/>Telefon: +36 1 700 1494<br data-start=\"559\" data-end=\"562\" \/>Website: <a class=\"\" href=\"https:\/\/www.lvservices.hu\" target=\"_new\" rel=\"noopener\" data-start=\"571\" data-end=\"625\">https:\/\/www.lvservices.hu<\/a><\/p><p class=\"\" data-start=\"627\" data-end=\"649\"><strong data-start=\"627\" data-end=\"649\">Geistiges Eigentum<\/strong><\/p><p class=\"\" data-start=\"651\" data-end=\"864\">Aufgrund seines urspr\u00fcnglichen Designs und Inhalts unterliegt diese Website dem Urheberrechtsschutz. Jegliche Nutzung des Inhalts der Website bedarf der vorherigen schriftlichen Genehmigung des Website-Betreibers.<\/p><p class=\"\" data-start=\"866\" data-end=\"1593\">Ohne vorherige schriftliche Genehmigung des Website-Betreibers ist es untersagt, den gesamten oder einen Teil des Inhalts der Website in irgendeiner Form zu kopieren, zu verbreiten oder zu speichern \u2013 es sei denn, der Betreiber erkl\u00e4rt ausdr\u00fccklich und eindeutig, dass eine solche Nutzung erlaubt ist. Es ist untersagt, aus dem Inhalt der Website abgeleitete oder darauf basierende Materialien oder Werke zu erstellen oder zu bearbeiten \u2013 insbesondere Symbole, Schaltfl\u00e4chen, Links, Hintergr\u00fcnde, Texte, Bilder, Grafiken, Logos, Fotos, Ton- und Videomaterialien \u2013 sowie diese ohne Genehmigung des Betreibers f\u00fcr kommerzielle Zwecke zu verwenden, zug\u00e4nglich zu machen, zu verbreiten, online weiterzuverwenden oder zu vermarkten.<\/p><p class=\"\" data-start=\"1595\" data-end=\"1616\"><strong data-start=\"1595\" data-end=\"1616\">Shebi\u2122 08.05.2025<\/strong><\/p>\t\t\t\t\t\t\t\t<\/div>\n\t\t\t\t<\/div>\n\t\t\t\t\t<\/div>\n\t\t\t\t<\/div>\n\t\t<div class=\"elementor-element elementor-element-6a9ca742 e-flex e-con-boxed e-con e-parent\" data-id=\"6a9ca742\" data-element_type=\"container\" data-e-type=\"container\" data-settings=\"{&quot;background_background&quot;:&quot;classic&quot;,&quot;jet_parallax_layout_list&quot;:[]}\">\n\t\t\t\t\t<div class=\"e-con-inner\">\n\t\t\t\t<div class=\"elementor-element elementor-element-79cb608d elementor-widget__width-initial elementor-widget elementor-widget-raven-site-logo\" data-id=\"79cb608d\" data-element_type=\"widget\" data-e-type=\"widget\" data-widget_type=\"raven-site-logo.default\">\n\t\t\t\t<div class=\"elementor-widget-container\">\n\t\t\t\t\t\t\t<div class=\"raven-widget-wrapper\">\n\t\t\t<div class=\"raven-site-logo raven-site-logo-customizer\">\n\t\t\t\t\t\t\t\t\t<a class=\"raven-site-logo-link\" href=\"https:\/\/shebidesserts.com\">\n\t\t\t\t\t\t\t\t<picture><source media='(max-width:767px)' srcset='https:\/\/shebidesserts.com\/wp-content\/uploads\/2025\/04\/Shebi-logo4.png'><source media='(max-width:1024px)' srcset='https:\/\/shebidesserts.com\/wp-content\/uploads\/2025\/04\/Shebi-logo4.png'><img decoding=\"async\" src=\"https:\/\/shebidesserts.com\/wp-content\/uploads\/2025\/04\/Shebi-logotm.png\" alt=\"ammon\" data-no-lazy=\"1\" \/><\/picture>\t\t\t\t\t\t\t\t\t<\/a>\n\t\t\t\t\t\t\t<\/div>\n\t\t<\/div>\n\t\t\t\t\t\t<\/div>\n\t\t\t\t<\/div>\n\t\t<div class=\"elementor-element elementor-element-2f90e39a e-con-full e-flex e-con e-child\" data-id=\"2f90e39a\" data-element_type=\"container\" data-e-type=\"container\" data-settings=\"{&quot;jet_parallax_layout_list&quot;:[]}\">\n\t\t\t\t<\/div>\n\t\t<div class=\"elementor-element elementor-element-7dab9732 e-con-full e-flex e-con e-child\" data-id=\"7dab9732\" data-element_type=\"container\" data-e-type=\"container\" data-settings=\"{&quot;jet_parallax_layout_list&quot;:[]}\">\n\t\t\t\t<div class=\"elementor-element elementor-element-35e42f4c elementor-widget elementor-widget-text-editor\" data-id=\"35e42f4c\" data-element_type=\"widget\" data-e-type=\"widget\" data-widget_type=\"text-editor.default\">\n\t\t\t\t<div class=\"elementor-widget-container\">\n\t\t\t\t\t\t\t\t\t<p>Informationen<\/p>\t\t\t\t\t\t\t\t<\/div>\n\t\t\t\t<\/div>\n\t\t\t\t<div class=\"elementor-element elementor-element-1df941ec elementor-widget-divider--view-line elementor-widget elementor-widget-divider\" data-id=\"1df941ec\" data-element_type=\"widget\" data-e-type=\"widget\" data-widget_type=\"divider.default\">\n\t\t\t\t<div class=\"elementor-widget-container\">\n\t\t\t\t\t\t\t<div class=\"elementor-divider\">\n\t\t\t<span class=\"elementor-divider-separator\">\n\t\t\t\t\t\t<\/span>\n\t\t<\/div>\n\t\t\t\t\t\t<\/div>\n\t\t\t\t<\/div>\n\t\t\t\t<div class=\"elementor-element elementor-element-4dd8d474 elementor-widget elementor-widget-text-editor\" data-id=\"4dd8d474\" data-element_type=\"widget\" data-e-type=\"widget\" data-widget_type=\"text-editor.default\">\n\t\t\t\t<div class=\"elementor-widget-container\">\n\t\t\t\t\t\t\t\t\t<p><a href=\"https:\/\/shebidesserts.com\/?page_id=1294&amp;lang=de\">Datenschutzerkl\u00e4rung<\/a><\/p><p><a href=\"https:\/\/shebidesserts.com\/?page_id=1297&amp;lang=de\">Impressum<\/a><\/p><p>\u00a0<\/p>\t\t\t\t\t\t\t\t<\/div>\n\t\t\t\t<\/div>\n\t\t\t\t<\/div>\n\t\t<div class=\"elementor-element elementor-element-3775bdcc e-con-full e-flex e-con e-child\" data-id=\"3775bdcc\" data-element_type=\"container\" data-e-type=\"container\" data-settings=\"{&quot;jet_parallax_layout_list&quot;:[]}\">\n\t\t\t\t<\/div>\n\t\t<div class=\"elementor-element elementor-element-3d2f3e0c e-con-full e-flex e-con e-child\" data-id=\"3d2f3e0c\" data-element_type=\"container\" data-e-type=\"container\" data-settings=\"{&quot;jet_parallax_layout_list&quot;:[]}\">\n\t\t\t\t<div class=\"elementor-element elementor-element-769623a1 elementor-widget elementor-widget-text-editor\" data-id=\"769623a1\" data-element_type=\"widget\" data-e-type=\"widget\" data-widget_type=\"text-editor.default\">\n\t\t\t\t<div class=\"elementor-widget-container\">\n\t\t\t\t\t\t\t\t\t<p>N\u00fctzliche Links<\/p>\t\t\t\t\t\t\t\t<\/div>\n\t\t\t\t<\/div>\n\t\t\t\t<div class=\"elementor-element elementor-element-32911d95 elementor-widget-divider--view-line elementor-widget elementor-widget-divider\" data-id=\"32911d95\" data-element_type=\"widget\" data-e-type=\"widget\" data-widget_type=\"divider.default\">\n\t\t\t\t<div class=\"elementor-widget-container\">\n\t\t\t\t\t\t\t<div class=\"elementor-divider\">\n\t\t\t<span class=\"elementor-divider-separator\">\n\t\t\t\t\t\t<\/span>\n\t\t<\/div>\n\t\t\t\t\t\t<\/div>\n\t\t\t\t<\/div>\n\t\t\t\t<div class=\"elementor-element elementor-element-4c480f37 raven-nav-menu-align-left elementor-widget elementor-widget-raven-nav-menu\" data-id=\"4c480f37\" data-element_type=\"widget\" data-e-type=\"widget\" data-settings=\"{&quot;submenu_icon&quot;:&quot;&lt;svg 0=\\&quot;fas fa-chevron-down\\&quot; class=\\&quot;e-font-icon-svg e-fas-chevron-down\\&quot;&gt;\\n\\t\\t\\t\\t\\t&lt;use xlink:href=\\&quot;#fas-chevron-down\\&quot;&gt;\\n\\t\\t\\t\\t\\t\\t&lt;symbol id=\\&quot;fas-chevron-down\\&quot; viewBox=\\&quot;0 0 448 512\\&quot;&gt;\\n\\t\\t\\t\\t\\t\\t\\t&lt;path d=\\&quot;M207.029 381.476L12.686 187.132c-9.373-9.373-9.373-24.569 0-33.941l22.667-22.667c9.357-9.357 24.522-9.375 33.901-.04L224 284.505l154.745-154.021c9.379-9.335 24.544-9.317 33.901.04l22.667 22.667c9.373 9.373 9.373 24.569 0 33.941L240.971 381.476c-9.373 9.372-24.569 9.372-33.942 0z\\&quot;&gt;&lt;\\\/path&gt;\\n\\t\\t\\t\\t\\t\\t&lt;\\\/symbol&gt;\\n\\t\\t\\t\\t\\t&lt;\\\/use&gt;\\n\\t\\t\\t\\t&lt;\\\/svg&gt;&quot;,&quot;submenu_space_between&quot;:{&quot;unit&quot;:&quot;px&quot;,&quot;size&quot;:&quot;&quot;,&quot;sizes&quot;:[]}}\" data-widget_type=\"raven-nav-menu.default\">\n\t\t\t\t<div class=\"elementor-widget-container\">\n\t\t\t\t\t\t\t<nav class=\"raven-nav-menu-main raven-nav-menu-vertical raven-nav-menu-tablet-horizontal raven-nav-menu-mobile-horizontal raven-nav-icons-hidden-tablet raven-nav-icons-hidden-mobile\">\n\t\t\t<ul id=\"menu-4c480f37\" class=\"raven-nav-menu\"><li class=\"menu-item menu-item-type-post_type menu-item-object-page menu-item-1520\"><a href=\"https:\/\/shebidesserts.com\/?page_id=884&#038;lang=de\" class=\"raven-menu-item raven-link-item \">Startsiete<\/a><\/li>\n<\/ul>\t\t<\/nav>\n\n\t\t<div class=\"raven-nav-menu-toggle\">\n\n\t\t\t\t\t\t<div class=\"raven-nav-menu-toggle-button \">\n\t\t\t\t\n\t\t\t\t<div class=\"hamburger hamburger--\">\n\t\t\t\t\t<div class=\"hamburger-box\">\n\t\t\t\t\t\t<div class=\"hamburger-inner\"><\/div>\n\t\t\t\t\t<\/div>\n\t\t\t\t<\/div>\n\t\t\t\t\t\t\t\t<\/div>\n\n\t\t<\/div>\n\t\t<nav class=\"raven-nav-icons-hidden-tablet raven-nav-icons-hidden-mobile raven-nav-menu-mobile raven-nav-menu-\">\n\t\t\t\t\t\t\t\t\t\t<div class=\"raven-nav-menu-close-button\">\n\t\t\t\t\t<span class=\"raven-nav-menu-close-icon\">&times;<\/span>\n\t\t\t\t<\/div>\n\t\t\t\t\t\t<div class=\"raven-container\">\n\t\t\t\t<ul id=\"menu-mobile-4c480f37\" class=\"raven-nav-menu\"><li class=\"menu-item menu-item-type-post_type menu-item-object-page menu-item-1520\"><a href=\"https:\/\/shebidesserts.com\/?page_id=884&#038;lang=de\" class=\"raven-menu-item raven-link-item \">Startsiete<\/a><\/li>\n<\/ul>\t\t\t<\/div>\n\t\t<\/nav>\n\t\t\t\t\t\t<\/div>\n\t\t\t\t<\/div>\n\t\t\t\t<\/div>\n\t\t\t\t\t<\/div>\n\t\t\t\t<\/div>\n\t\t\t\t<\/div>\n\t\t","protected":false},"excerpt":{"rendered":"<p>Impressum Website-Betreiber: Name: Zolt\u00e1n Sebesty\u00e9n, EinzelunternehmerSteuernummer: HU91528869Registrierungsnummer: 61343755Firmensitz: Ungarn, 1138 Budapest N\u00e9pf\u00fcrd\u0151 utca 19\/F 3. Stock 11AKontakt:E-Mail: zoltan@shebidesserts.comTelefon: +36 30 709 3902Website: https:\/\/shebidesserts.com Webhosting-Dienstleister: Name: LV Service GmbHSteuernummer: 14920750-2-13Registrierungsnummer: 13 09 207793Firmensitz: 2030 \u00c9rd, Feh\u00e9rv\u00e1ri \u00fat 32\/B, Geb\u00e4ude 1Kontakt:E-Mail: support@lvservices.huTelefon: +36 1 700 1494Website: https:\/\/www.lvservices.hu Geistiges Eigentum Aufgrund seines urspr\u00fcnglichen Designs und Inhalts unterliegt diese [&hellip;]<\/p>\n","protected":false},"author":1,"featured_media":0,"parent":0,"menu_order":0,"comment_status":"closed","ping_status":"closed","template":"elementor_header_footer","meta":{"_acf_changed":false,"footnotes":""},"class_list":["post-1297","page","type-page","status-publish","hentry"],"acf":[],"_links":{"self":[{"href":"https:\/\/shebidesserts.com\/index.php?rest_route=\/wp\/v2\/pages\/1297","targetHints":{"allow":["GET"]}}],"collection":[{"href":"https:\/\/shebidesserts.com\/index.php?rest_route=\/wp\/v2\/pages"}],"about":[{"href":"https:\/\/shebidesserts.com\/index.php?rest_route=\/wp\/v2\/types\/page"}],"author":[{"embeddable":true,"href":"https:\/\/shebidesserts.com\/index.php?rest_route=\/wp\/v2\/users\/1"}],"replies":[{"embeddable":true,"href":"https:\/\/shebidesserts.com\/index.php?rest_route=%2Fwp%2Fv2%2Fcomments&post=1297"}],"version-history":[{"count":29,"href":"https:\/\/shebidesserts.com\/index.php?rest_route=\/wp\/v2\/pages\/1297\/revisions"}],"predecessor-version":[{"id":1771,"href":"https:\/\/shebidesserts.com\/index.php?rest_route=\/wp\/v2\/pages\/1297\/revisions\/1771"}],"wp:attachment":[{"href":"https:\/\/shebidesserts.com\/index.php?rest_route=%2Fwp%2Fv2%2Fmedia&parent=1297"}],"curies":[{"name":"wp","href":"https:\/\/api.w.org\/{rel}","templated":true}]}}