{"id":1298,"date":"2025-05-13T18:26:23","date_gmt":"2025-05-13T18:26:23","guid":{"rendered":"https:\/\/shebidesserts.com\/?page_id=1298"},"modified":"2025-11-20T19:53:34","modified_gmt":"2025-11-20T19:53:34","slug":"impresszum_en","status":"publish","type":"page","link":"https:\/\/shebidesserts.com\/?page_id=1298&lang=en","title":{"rendered":"impresszum_en"},"content":{"rendered":"\t\t<div data-elementor-type=\"wp-page\" data-elementor-id=\"1298\" class=\"elementor elementor-1298\">\n\t\t\t\t<div class=\"elementor-element elementor-element-58e755f e-flex e-con-boxed e-con e-parent\" data-id=\"58e755f\" data-element_type=\"container\" data-e-type=\"container\" data-settings=\"{&quot;background_background&quot;:&quot;classic&quot;,&quot;jet_parallax_layout_list&quot;:[]}\">\n\t\t\t\t\t<div class=\"e-con-inner\">\n\t\t\t\t<div class=\"elementor-element elementor-element-898b53a elementor-widget elementor-widget-heading\" data-id=\"898b53a\" data-element_type=\"widget\" data-e-type=\"widget\" data-widget_type=\"heading.default\">\n\t\t\t\t<div class=\"elementor-widget-container\">\n\t\t\t\t\t<h2 class=\"elementor-heading-title elementor-size-default\">Imprint<\/h2>\t\t\t\t<\/div>\n\t\t\t\t<\/div>\n\t\t\t\t\t<\/div>\n\t\t\t\t<\/div>\n\t\t<div class=\"elementor-element elementor-element-90c0090 e-flex e-con-boxed e-con e-parent\" data-id=\"90c0090\" data-element_type=\"container\" data-e-type=\"container\" data-settings=\"{&quot;background_background&quot;:&quot;classic&quot;,&quot;jet_parallax_layout_list&quot;:[]}\">\n\t\t\t\t\t<div class=\"e-con-inner\">\n\t\t\t\t<div class=\"elementor-element elementor-element-fd64727 elementor-widget elementor-widget-text-editor\" data-id=\"fd64727\" data-element_type=\"widget\" data-e-type=\"widget\" data-widget_type=\"text-editor.default\">\n\t\t\t\t<div class=\"elementor-widget-container\">\n\t\t\t\t\t\t\t\t\t<p class=\"\" data-start=\"53\" data-end=\"74\"><strong data-start=\"53\" data-end=\"74\">Website Operator:<\/strong><\/p><p class=\"\" data-start=\"76\" data-end=\"310\">Name: Zolt\u00e1n Sebesty\u00e9n, Sole Proprietor<br data-start=\"115\" data-end=\"118\" \/>Tax Number: HU91528869<br data-start=\"129\" data-end=\"132\" \/>Registration Number: 61343755<br data-start=\"152\" data-end=\"155\" \/>Registered Address: Hungary, 1138 Budapest N\u00e9pf\u00fcrd\u0151 utca 19\/F 3rd floor 11A<br data-start=\"174\" data-end=\"177\" \/>Contact:<br data-start=\"185\" data-end=\"188\" \/>Email: <a class=\"cursor-pointer\" rel=\"noopener\" data-start=\"195\" data-end=\"219\">zoltan@shebidesserts.com<\/a><br data-start=\"219\" data-end=\"222\" \/>Phone: +36 30 709 3902<br data-start=\"244\" data-end=\"247\" \/>Website: <a class=\"\" href=\"https:\/\/shebidesserts.com\" target=\"_new\" rel=\"noopener\" data-start=\"256\" data-end=\"310\">https:\/\/shebidesserts.com<\/a><\/p><p class=\"\" data-start=\"312\" data-end=\"341\"><strong data-start=\"312\" data-end=\"341\">Website Hosting Provider:<\/strong><\/p><p class=\"\" data-start=\"343\" data-end=\"622\">Name: LV Service Ltd.<br data-start=\"364\" data-end=\"367\" \/>Tax Number: 14920750-2-13<br data-start=\"392\" data-end=\"395\" \/>Registration Number: 13 09 207793<br data-start=\"428\" data-end=\"431\" \/>Registered Address: 2030 \u00c9rd, Feh\u00e9rv\u00e1ri \u00fat 32\/B, Building 1<br data-start=\"490\" data-end=\"493\" \/>Contact:<br data-start=\"501\" data-end=\"504\" \/>Email: <a class=\"cursor-pointer\" rel=\"noopener\" data-start=\"511\" data-end=\"532\">support@lvservices.hu<\/a><br data-start=\"532\" data-end=\"535\" \/>Phone: +36 1 700 1494<br data-start=\"556\" data-end=\"559\" \/>Website: <a class=\"\" href=\"https:\/\/www.lvservices.hu\" target=\"_new\" rel=\"noopener\" data-start=\"568\" data-end=\"622\">https:\/\/www.lvservices.hu<\/a><\/p><p class=\"\" data-start=\"624\" data-end=\"649\"><strong data-start=\"624\" data-end=\"649\">Intellectual Property<\/strong><\/p><p class=\"\" data-start=\"651\" data-end=\"830\">Due to its original appearance and content, this website is protected by copyright. Any use of the website\u2019s content requires the prior written permission of the Website Operator.<\/p><p class=\"\" data-start=\"832\" data-end=\"1496\">Without the prior written consent of the Website Operator, it is prohibited to copy, distribute, or store the content of the website in whole or in part in any form, except where the Website Operator has explicitly stated that such use is permitted. It is also prohibited to create or adapt any material or work based on or derived from the website&#8217;s content, including but not limited to icons, buttons, links, wallpapers, text, images, graphics, logos, photos, sound and video materials, or to use the content for commercial purposes, make it accessible, distribute it, reuse it on the internet, or market it without the prior permission of the Website Operator.<\/p><p class=\"\" data-start=\"1498\" data-end=\"1520\"><strong data-start=\"1498\" data-end=\"1520\">Shebi\u2122 2025.05.08.<\/strong><\/p>\t\t\t\t\t\t\t\t<\/div>\n\t\t\t\t<\/div>\n\t\t\t\t\t<\/div>\n\t\t\t\t<\/div>\n\t\t<div class=\"elementor-element elementor-element-160553c8 e-flex e-con-boxed e-con e-parent\" data-id=\"160553c8\" data-element_type=\"container\" data-e-type=\"container\" data-settings=\"{&quot;background_background&quot;:&quot;classic&quot;,&quot;jet_parallax_layout_list&quot;:[]}\">\n\t\t\t\t\t<div class=\"e-con-inner\">\n\t\t\t\t<div class=\"elementor-element elementor-element-1201b3c8 elementor-widget__width-initial elementor-widget elementor-widget-raven-site-logo\" data-id=\"1201b3c8\" data-element_type=\"widget\" data-e-type=\"widget\" data-widget_type=\"raven-site-logo.default\">\n\t\t\t\t<div class=\"elementor-widget-container\">\n\t\t\t\t\t\t\t<div class=\"raven-widget-wrapper\">\n\t\t\t<div class=\"raven-site-logo raven-site-logo-customizer\">\n\t\t\t\t\t\t\t\t\t<a class=\"raven-site-logo-link\" href=\"https:\/\/shebidesserts.com\">\n\t\t\t\t\t\t\t\t<picture><img decoding=\"async\" src=\"https:\/\/shebidesserts.com\/wp-content\/uploads\/2025\/04\/Shebi-logotm.png\" alt=\"ammon\" data-no-lazy=\"1\" \/><\/picture>\t\t\t\t\t\t\t\t\t<\/a>\n\t\t\t\t\t\t\t<\/div>\n\t\t<\/div>\n\t\t\t\t\t\t<\/div>\n\t\t\t\t<\/div>\n\t\t<div class=\"elementor-element elementor-element-629eacf7 e-con-full e-flex e-con e-child\" data-id=\"629eacf7\" data-element_type=\"container\" data-e-type=\"container\" data-settings=\"{&quot;jet_parallax_layout_list&quot;:[]}\">\n\t\t\t\t<\/div>\n\t\t<div class=\"elementor-element elementor-element-431f68c0 e-con-full e-flex e-con e-child\" data-id=\"431f68c0\" data-element_type=\"container\" data-e-type=\"container\" data-settings=\"{&quot;jet_parallax_layout_list&quot;:[]}\">\n\t\t\t\t<div class=\"elementor-element elementor-element-21bc7eaf elementor-widget elementor-widget-text-editor\" data-id=\"21bc7eaf\" data-element_type=\"widget\" data-e-type=\"widget\" data-widget_type=\"text-editor.default\">\n\t\t\t\t<div class=\"elementor-widget-container\">\n\t\t\t\t\t\t\t\t\t<p>Information<\/p>\t\t\t\t\t\t\t\t<\/div>\n\t\t\t\t<\/div>\n\t\t\t\t<div class=\"elementor-element elementor-element-2987e55c elementor-widget-divider--view-line elementor-widget elementor-widget-divider\" data-id=\"2987e55c\" data-element_type=\"widget\" data-e-type=\"widget\" data-widget_type=\"divider.default\">\n\t\t\t\t<div class=\"elementor-widget-container\">\n\t\t\t\t\t\t\t<div class=\"elementor-divider\">\n\t\t\t<span class=\"elementor-divider-separator\">\n\t\t\t\t\t\t<\/span>\n\t\t<\/div>\n\t\t\t\t\t\t<\/div>\n\t\t\t\t<\/div>\n\t\t\t\t<div class=\"elementor-element elementor-element-196bb8c4 elementor-widget elementor-widget-text-editor\" data-id=\"196bb8c4\" data-element_type=\"widget\" data-e-type=\"widget\" data-widget_type=\"text-editor.default\">\n\t\t\t\t<div class=\"elementor-widget-container\">\n\t\t\t\t\t\t\t\t\t<p><a href=\"https:\/\/shebidesserts.com\/?page_id=1291&amp;lang=en\">Privacy Policy<\/a><\/p><p><a href=\"https:\/\/shebidesserts.com\/?page_id=1298&amp;lang=en\">Imprint<\/a><\/p><p>\u00a0<\/p>\t\t\t\t\t\t\t\t<\/div>\n\t\t\t\t<\/div>\n\t\t\t\t<\/div>\n\t\t<div class=\"elementor-element elementor-element-3a51498f e-con-full e-flex e-con e-child\" data-id=\"3a51498f\" data-element_type=\"container\" data-e-type=\"container\" data-settings=\"{&quot;jet_parallax_layout_list&quot;:[]}\">\n\t\t\t\t<\/div>\n\t\t<div class=\"elementor-element elementor-element-fe46aa3 e-con-full e-flex e-con e-child\" data-id=\"fe46aa3\" data-element_type=\"container\" data-e-type=\"container\" data-settings=\"{&quot;jet_parallax_layout_list&quot;:[]}\">\n\t\t\t\t<div class=\"elementor-element elementor-element-3ddb3d13 elementor-widget elementor-widget-text-editor\" data-id=\"3ddb3d13\" data-element_type=\"widget\" data-e-type=\"widget\" data-widget_type=\"text-editor.default\">\n\t\t\t\t<div class=\"elementor-widget-container\">\n\t\t\t\t\t\t\t\t\t<p>Useful Links<\/p>\t\t\t\t\t\t\t\t<\/div>\n\t\t\t\t<\/div>\n\t\t\t\t<div class=\"elementor-element elementor-element-6c5b247e elementor-widget-divider--view-line elementor-widget elementor-widget-divider\" data-id=\"6c5b247e\" data-element_type=\"widget\" data-e-type=\"widget\" data-widget_type=\"divider.default\">\n\t\t\t\t<div class=\"elementor-widget-container\">\n\t\t\t\t\t\t\t<div class=\"elementor-divider\">\n\t\t\t<span class=\"elementor-divider-separator\">\n\t\t\t\t\t\t<\/span>\n\t\t<\/div>\n\t\t\t\t\t\t<\/div>\n\t\t\t\t<\/div>\n\t\t\t\t<div class=\"elementor-element elementor-element-6d5fcb56 raven-nav-menu-align-left elementor-widget elementor-widget-raven-nav-menu\" data-id=\"6d5fcb56\" data-element_type=\"widget\" data-e-type=\"widget\" data-settings=\"{&quot;submenu_icon&quot;:&quot;&lt;svg 0=\\&quot;fas fa-chevron-down\\&quot; class=\\&quot;e-font-icon-svg e-fas-chevron-down\\&quot;&gt;\\n\\t\\t\\t\\t\\t&lt;use xlink:href=\\&quot;#fas-chevron-down\\&quot;&gt;\\n\\t\\t\\t\\t\\t\\t&lt;symbol id=\\&quot;fas-chevron-down\\&quot; viewBox=\\&quot;0 0 448 512\\&quot;&gt;\\n\\t\\t\\t\\t\\t\\t\\t&lt;path d=\\&quot;M207.029 381.476L12.686 187.132c-9.373-9.373-9.373-24.569 0-33.941l22.667-22.667c9.357-9.357 24.522-9.375 33.901-.04L224 284.505l154.745-154.021c9.379-9.335 24.544-9.317 33.901.04l22.667 22.667c9.373 9.373 9.373 24.569 0 33.941L240.971 381.476c-9.373 9.372-24.569 9.372-33.942 0z\\&quot;&gt;&lt;\\\/path&gt;\\n\\t\\t\\t\\t\\t\\t&lt;\\\/symbol&gt;\\n\\t\\t\\t\\t\\t&lt;\\\/use&gt;\\n\\t\\t\\t\\t&lt;\\\/svg&gt;&quot;,&quot;submenu_space_between&quot;:{&quot;unit&quot;:&quot;px&quot;,&quot;size&quot;:&quot;&quot;,&quot;sizes&quot;:[]}}\" data-widget_type=\"raven-nav-menu.default\">\n\t\t\t\t<div class=\"elementor-widget-container\">\n\t\t\t\t\t\t\t<nav class=\"raven-nav-menu-main raven-nav-menu-vertical raven-nav-menu-tablet- raven-nav-menu-mobile- raven-nav-icons-hidden-tablet raven-nav-icons-hidden-mobile\">\n\t\t\t<ul id=\"menu-6d5fcb56\" class=\"raven-nav-menu\"><li class=\"menu-item menu-item-type-post_type menu-item-object-page menu-item-1524\"><a href=\"https:\/\/shebidesserts.com\/?page_id=862&#038;lang=en\" class=\"raven-menu-item raven-link-item \">Home<\/a><\/li>\n<\/ul>\t\t<\/nav>\n\n\t\t<div class=\"raven-nav-menu-toggle\">\n\n\t\t\t\t\t\t<div class=\"raven-nav-menu-toggle-button \">\n\t\t\t\t\n\t\t\t\t<div class=\"hamburger hamburger--\">\n\t\t\t\t\t<div class=\"hamburger-box\">\n\t\t\t\t\t\t<div class=\"hamburger-inner\"><\/div>\n\t\t\t\t\t<\/div>\n\t\t\t\t<\/div>\n\t\t\t\t\t\t\t\t<\/div>\n\n\t\t<\/div>\n\t\t<nav class=\"raven-nav-icons-hidden-tablet raven-nav-icons-hidden-mobile raven-nav-menu-mobile raven-nav-menu-\">\n\t\t\t\t\t\t\t\t\t\t<div class=\"raven-nav-menu-close-button\">\n\t\t\t\t\t<span class=\"raven-nav-menu-close-icon\">&times;<\/span>\n\t\t\t\t<\/div>\n\t\t\t\t\t\t<div class=\"raven-container\">\n\t\t\t\t<ul id=\"menu-mobile-6d5fcb56\" class=\"raven-nav-menu\"><li class=\"menu-item menu-item-type-post_type menu-item-object-page menu-item-1524\"><a href=\"https:\/\/shebidesserts.com\/?page_id=862&#038;lang=en\" class=\"raven-menu-item raven-link-item \">Home<\/a><\/li>\n<\/ul>\t\t\t<\/div>\n\t\t<\/nav>\n\t\t\t\t\t\t<\/div>\n\t\t\t\t<\/div>\n\t\t\t\t<\/div>\n\t\t\t\t\t<\/div>\n\t\t\t\t<\/div>\n\t\t\t\t<\/div>\n\t\t","protected":false},"excerpt":{"rendered":"<p>Imprint Website Operator: Name: Zolt\u00e1n Sebesty\u00e9n, Sole ProprietorTax Number: HU91528869Registration Number: 61343755Registered Address: Hungary, 1138 Budapest N\u00e9pf\u00fcrd\u0151 utca 19\/F 3rd floor 11AContact:Email: zoltan@shebidesserts.comPhone: +36 30 709 3902Website: https:\/\/shebidesserts.com Website Hosting Provider: Name: LV Service Ltd.Tax Number: 14920750-2-13Registration Number: 13 09 207793Registered Address: 2030 \u00c9rd, Feh\u00e9rv\u00e1ri \u00fat 32\/B, Building 1Contact:Email: support@lvservices.huPhone: +36 1 700 1494Website: https:\/\/www.lvservices.hu [&hellip;]<\/p>\n","protected":false},"author":1,"featured_media":0,"parent":0,"menu_order":0,"comment_status":"closed","ping_status":"closed","template":"elementor_header_footer","meta":{"_acf_changed":false,"footnotes":""},"class_list":["post-1298","page","type-page","status-publish","hentry"],"acf":[],"_links":{"self":[{"href":"https:\/\/shebidesserts.com\/index.php?rest_route=\/wp\/v2\/pages\/1298","targetHints":{"allow":["GET"]}}],"collection":[{"href":"https:\/\/shebidesserts.com\/index.php?rest_route=\/wp\/v2\/pages"}],"about":[{"href":"https:\/\/shebidesserts.com\/index.php?rest_route=\/wp\/v2\/types\/page"}],"author":[{"embeddable":true,"href":"https:\/\/shebidesserts.com\/index.php?rest_route=\/wp\/v2\/users\/1"}],"replies":[{"embeddable":true,"href":"https:\/\/shebidesserts.com\/index.php?rest_route=%2Fwp%2Fv2%2Fcomments&post=1298"}],"version-history":[{"count":20,"href":"https:\/\/shebidesserts.com\/index.php?rest_route=\/wp\/v2\/pages\/1298\/revisions"}],"predecessor-version":[{"id":1768,"href":"https:\/\/shebidesserts.com\/index.php?rest_route=\/wp\/v2\/pages\/1298\/revisions\/1768"}],"wp:attachment":[{"href":"https:\/\/shebidesserts.com\/index.php?rest_route=%2Fwp%2Fv2%2Fmedia&parent=1298"}],"curies":[{"name":"wp","href":"https:\/\/api.w.org\/{rel}","templated":true}]}}