{"id":900,"date":"2025-05-13T18:26:23","date_gmt":"2025-05-13T18:26:23","guid":{"rendered":"https:\/\/shebidesserts.com\/?page_id=900"},"modified":"2025-11-20T19:58:56","modified_gmt":"2025-11-20T19:58:56","slug":"impresszum_hu","status":"publish","type":"page","link":"https:\/\/shebidesserts.com\/?page_id=900","title":{"rendered":"impresszum_hu"},"content":{"rendered":"\t\t<div data-elementor-type=\"wp-page\" data-elementor-id=\"900\" class=\"elementor elementor-900\">\n\t\t\t\t<div class=\"elementor-element elementor-element-58e755f e-flex e-con-boxed e-con e-parent\" data-id=\"58e755f\" data-element_type=\"container\" data-e-type=\"container\" data-settings=\"{&quot;background_background&quot;:&quot;classic&quot;,&quot;jet_parallax_layout_list&quot;:[]}\">\n\t\t\t\t\t<div class=\"e-con-inner\">\n\t\t\t\t<div class=\"elementor-element elementor-element-898b53a elementor-widget elementor-widget-heading\" data-id=\"898b53a\" data-element_type=\"widget\" data-e-type=\"widget\" data-widget_type=\"heading.default\">\n\t\t\t\t<div class=\"elementor-widget-container\">\n\t\t\t\t\t<h2 class=\"elementor-heading-title elementor-size-default\">Impresszum<\/h2>\t\t\t\t<\/div>\n\t\t\t\t<\/div>\n\t\t\t\t\t<\/div>\n\t\t\t\t<\/div>\n\t\t<div class=\"elementor-element elementor-element-90c0090 e-flex e-con-boxed e-con e-parent\" data-id=\"90c0090\" data-element_type=\"container\" data-e-type=\"container\" data-settings=\"{&quot;background_background&quot;:&quot;classic&quot;,&quot;jet_parallax_layout_list&quot;:[]}\">\n\t\t\t\t\t<div class=\"e-con-inner\">\n\t\t\t\t<div class=\"elementor-element elementor-element-fd64727 elementor-widget elementor-widget-text-editor\" data-id=\"fd64727\" data-element_type=\"widget\" data-e-type=\"widget\" data-widget_type=\"text-editor.default\">\n\t\t\t\t<div class=\"elementor-widget-container\">\n\t\t\t\t\t\t\t\t\t<p><strong>Weboldal \u00fczemeltet\u0151je: <\/strong><\/p><p>N\u00e9v: Sebesty\u00e9n Zolt\u00e1n E.v.<\/p><p>Ad\u00f3sz\u00e1m: 91528869-2-41<\/p><p>Nyilv\u00e1ntart\u00e1si sz\u00e1m: 61343755<\/p><p>Sz\u00e9khely: Magyarorsz\u00e1g, 1138 Budapest N\u00e9pf\u00fcrd\u0151 utca 19\/F 3. emelet 11A<\/p><p>El\u00e9rhet\u0151s\u00e9g:<\/p><ul><li>E-mail c\u00edm: zoltan@shebidesserts.com<\/li><li>Telefonsz\u00e1m: +36 30\u00a0709 3902<\/li><li>Weboldal: https:\/\/shebidesserts.com\/<\/li><\/ul><p><strong>Weboldal t\u00e1rhelyszolg\u00e1ltat\u00f3ja: <\/strong><\/p><p>N\u00e9v: LV Services Kft.<\/p><p>Ad\u00f3sz\u00e1m: 14920750-2-13<\/p><p>Nyilv\u00e1ntart\u00e1si sz\u00e1m: 13 09 207793<\/p><p>Sz\u00e9khely: 2030 \u00c9rd Feh\u00e9rv\u00e1ri \u00fat 32\/B 1.\u00e9p.<\/p><p>El\u00e9rhet\u0151s\u00e9g:<\/p><ul><li>E-mail c\u00edm: support@lvservices.hu<\/li><li>Telefonsz\u00e1m: +36 1\u00a0700 1494<\/li><li>Weboldal: https:\/\/www.lvservices.hu\/<\/li><\/ul><p><strong>Szellemi tulajdon<\/strong><\/p><p>A honlap megjelen\u00e9se \u00e9s tartalma eredeti jellege miatt szerz\u0151i jogi v\u00e9delem al\u00e1 esik. A honlap tartalm\u00e1nak b\u00e1rmif\u00e9le felhaszn\u00e1l\u00e1s\u00e1hoz a Weboldal \u00fczemeltet\u0151j\u00e9nek el\u0151zetes \u00edr\u00e1sbeli hozz\u00e1j\u00e1rul\u00e1sa sz\u00fcks\u00e9ges.<\/p><p>Az Weboldal \u00fczemeltet\u0151j\u00e9nek el\u0151zetes \u00edr\u00e1sbeli enged\u00e9lye n\u00e9lk\u00fcl tilos a honlap tartalm\u00e1nak eg\u00e9sz\u00e9t vagy r\u00e9sz\u00e9t b\u00e1rmilyen form\u00e1ban m\u00e1solni, terjeszteni vagy t\u00e1rolni, kiv\u00e9ve, ha az Weboldal \u00fczemeltet\u0151je egy\u00e9rtelm\u0171en \u00e9s kifejezetten \u00fagy nyilatkozik, hogy az ilyen felhaszn\u00e1l\u00e1sok b\u00e1rmelyik\u00e9t megengedi. Tilos a honlap tartalm\u00e1b\u00f3l ered\u0151 vagy azon alapul\u00f3 b\u00e1rmilyen anyag vagy m\u0171 k\u00e9sz\u00edt\u00e9se, \u00e1tdolgoz\u00e1sa, ide\u00e9rtve k\u00fcl\u00f6n\u00f6sen az ikonok, gombok, linkek, h\u00e1tt\u00e9rk\u00e9pek, sz\u00f6veg, k\u00e9p, grafika, log\u00f3, fot\u00f3, hang \u00e9s vide\u00f3 anyagok k\u00e9sz\u00edt\u00e9s\u00e9t, valamint a tartalom Weboldal \u00fczemeltet\u0151j\u00e9nek el\u0151zetes enged\u00e9lye n\u00e9lk\u00fcli \u00fczleti c\u00e9l\u00fa felhaszn\u00e1l\u00e1sa, hozz\u00e1f\u00e9rhet\u0151v\u00e9 t\u00e9tele, terjeszt\u00e9se, b\u00e1rmilyen tov\u00e1bbi internetes felhaszn\u00e1l\u00e1sa, forgalmaz\u00e1sa.<\/p><p>Shebi<sup>TM<\/sup> 2025.05.08.<\/p>\t\t\t\t\t\t\t\t<\/div>\n\t\t\t\t<\/div>\n\t\t\t\t\t<\/div>\n\t\t\t\t<\/div>\n\t\t\t\t<\/div>\n\t\t","protected":false},"excerpt":{"rendered":"<p>Impresszum Weboldal \u00fczemeltet\u0151je: N\u00e9v: Sebesty\u00e9n Zolt\u00e1n E.v. Ad\u00f3sz\u00e1m: 91528869-2-41 Nyilv\u00e1ntart\u00e1si sz\u00e1m: 61343755 Sz\u00e9khely: Magyarorsz\u00e1g, 1138 Budapest N\u00e9pf\u00fcrd\u0151 utca 19\/F 3. emelet 11A El\u00e9rhet\u0151s\u00e9g: E-mail c\u00edm: zoltan@shebidesserts.com Telefonsz\u00e1m: +36 30\u00a0709 3902 Weboldal: https:\/\/shebidesserts.com\/ Weboldal t\u00e1rhelyszolg\u00e1ltat\u00f3ja: N\u00e9v: LV Services Kft. Ad\u00f3sz\u00e1m: 14920750-2-13 Nyilv\u00e1ntart\u00e1si sz\u00e1m: 13 09 207793 Sz\u00e9khely: 2030 \u00c9rd Feh\u00e9rv\u00e1ri \u00fat 32\/B 1.\u00e9p. El\u00e9rhet\u0151s\u00e9g: E-mail c\u00edm: [&hellip;]<\/p>\n","protected":false},"author":1,"featured_media":0,"parent":0,"menu_order":0,"comment_status":"closed","ping_status":"closed","template":"elementor_header_footer","meta":{"_acf_changed":false,"footnotes":""},"class_list":["post-900","page","type-page","status-publish","hentry"],"acf":[],"_links":{"self":[{"href":"https:\/\/shebidesserts.com\/index.php?rest_route=\/wp\/v2\/pages\/900","targetHints":{"allow":["GET"]}}],"collection":[{"href":"https:\/\/shebidesserts.com\/index.php?rest_route=\/wp\/v2\/pages"}],"about":[{"href":"https:\/\/shebidesserts.com\/index.php?rest_route=\/wp\/v2\/types\/page"}],"author":[{"embeddable":true,"href":"https:\/\/shebidesserts.com\/index.php?rest_route=\/wp\/v2\/users\/1"}],"replies":[{"embeddable":true,"href":"https:\/\/shebidesserts.com\/index.php?rest_route=%2Fwp%2Fv2%2Fcomments&post=900"}],"version-history":[{"count":24,"href":"https:\/\/shebidesserts.com\/index.php?rest_route=\/wp\/v2\/pages\/900\/revisions"}],"predecessor-version":[{"id":1783,"href":"https:\/\/shebidesserts.com\/index.php?rest_route=\/wp\/v2\/pages\/900\/revisions\/1783"}],"wp:attachment":[{"href":"https:\/\/shebidesserts.com\/index.php?rest_route=%2Fwp%2Fv2%2Fmedia&parent=900"}],"curies":[{"name":"wp","href":"https:\/\/api.w.org\/{rel}","templated":true}]}}